{"id":430,"date":"2023-01-09T10:42:58","date_gmt":"2023-01-09T10:42:58","guid":{"rendered":"https:\/\/neuronthemes.com\/tampa\/?page_id=430"},"modified":"2026-02-01T12:17:02","modified_gmt":"2026-02-01T12:17:02","slug":"about-me","status":"publish","type":"page","link":"https:\/\/aydinteker.com\/tr\/about-me\/","title":{"rendered":"Hakk\u0131nda"},"content":{"rendered":"<div data-elementor-type=\"wp-page\" data-elementor-id=\"430\" class=\"elementor elementor-430\">\n\t\t\t\t<div class=\"elementor-element elementor-element-175ac4a e-flex e-con-boxed e-con e-parent\" data-id=\"175ac4a\" data-element_type=\"container\" data-e-type=\"container\">\n\t\t\t\t\t<div class=\"e-con-inner\">\n\t\t\t\t<div class=\"elementor-element elementor-element-05de576 elementor-widget elementor-widget-text-editor\" data-id=\"05de576\" data-element_type=\"widget\" data-e-type=\"widget\" data-widget_type=\"text-editor.default\">\n\t\t\t\t<div class=\"elementor-widget-container\">\n\t\t\t\t\t\t\t\t\t<p>Bio<\/p>\t\t\t\t\t\t\t\t<\/div>\n\t\t\t\t<\/div>\n\t\t\t\t\t<\/div>\n\t\t\t\t<\/div>\n\t\t<div class=\"elementor-element elementor-element-3b0008f e-grid e-con-boxed e-con e-parent\" data-id=\"3b0008f\" data-element_type=\"container\" data-e-type=\"container\">\n\t\t\t\t\t<div class=\"e-con-inner\">\n\t\t<div class=\"elementor-element elementor-element-faa28cb e-grid e-con-full e-con e-child\" data-id=\"faa28cb\" data-element_type=\"container\" data-e-type=\"container\">\n\t\t\t\t<div class=\"elementor-element elementor-element-ad4440c elementor-widget elementor-widget-text-editor\" data-id=\"ad4440c\" data-element_type=\"widget\" data-e-type=\"widget\" data-widget_type=\"text-editor.default\">\n\t\t\t\t<div class=\"elementor-widget-container\">\n\t\t\t\t\t\t\t\t\t<p>1973<\/p><p><br \/>1982<\/p>\t\t\t\t\t\t\t\t<\/div>\n\t\t\t\t<\/div>\n\t\t\t\t<div class=\"elementor-element elementor-element-52d7a76 elementor-widget elementor-widget-text-editor\" data-id=\"52d7a76\" data-element_type=\"widget\" data-e-type=\"widget\" data-widget_type=\"text-editor.default\">\n\t\t\t\t<div class=\"elementor-widget-container\">\n\t\t\t\t\t\t\t\t\t<p>Graduated from Ankara State Conservatory in 1973 and joined Ankara State Opera and Ballet as a dancer. In 1976 she got a scholarship and first went to London and then to the USA. She received her B.F.A. and M.F.A. from New York University\u2019s Tisch School of the Arts. In 1982 she came back to Turkey and started working as a modern dance Instructor and choreographer at Mimar Sinan Fine Arts University State Conservatory.<\/p>\t\t\t\t\t\t\t\t<\/div>\n\t\t\t\t<\/div>\n\t\t\t\t<div class=\"elementor-element elementor-element-c2c899c elementor-widget elementor-widget-text-editor\" data-id=\"c2c899c\" data-element_type=\"widget\" data-e-type=\"widget\" data-widget_type=\"text-editor.default\">\n\t\t\t\t<div class=\"elementor-widget-container\">\n\t\t\t\t\t\t\t\t\t<p>1993<\/p>\t\t\t\t\t\t\t\t<\/div>\n\t\t\t\t<\/div>\n\t\t\t\t<div class=\"elementor-element elementor-element-ac0f957 elementor-widget elementor-widget-text-editor\" data-id=\"ac0f957\" data-element_type=\"widget\" data-e-type=\"widget\" data-widget_type=\"text-editor.default\">\n\t\t\t\t<div class=\"elementor-widget-container\">\n\t\t\t\t\t\t\t\t\t<p>In 1993 Teker won the Fulbright Research Fellowship went back to New York for a year. While exploring the latest developments in somatic theories she also continued working on her choreographic work. After returning back to Turkey she continued teaching MSGSU Modern Dance Department. She gave great importance to the knowledge of anatomy in all her works. With special permission from universities she participated in Anatomy Lessons at Istanbul University Faculty of Medicine Summer School to examine the level of anatomy knowledge a dance student needs. Her anatomy-based classical technique lessons, which she transformed into a laboratory environment, played an important role in students\u2019 gaining the ability to perceive and analyze their own development in multidimensional ways.<\/p>\t\t\t\t\t\t\t\t<\/div>\n\t\t\t\t<\/div>\n\t\t\t\t<\/div>\n\t\t\t\t<div class=\"elementor-element elementor-element-8d3c648 elementor-widget elementor-widget-image\" data-id=\"8d3c648\" data-element_type=\"widget\" data-e-type=\"widget\" data-widget_type=\"image.default\">\n\t\t\t\t<div class=\"elementor-widget-container\">\n\t\t\t\t\t\t\t\t\t\t\t\t\t\t\t<img fetchpriority=\"high\" decoding=\"async\" width=\"800\" height=\"808\" src=\"https:\/\/aydinteker.com\/wp-content\/uploads\/2025\/06\/aydin-tek-e1385476105373.jpg\" class=\"attachment-large size-large wp-image-2935\" alt=\"\" srcset=\"https:\/\/aydinteker.com\/wp-content\/uploads\/2025\/06\/aydin-tek-e1385476105373.jpg 800w, https:\/\/aydinteker.com\/wp-content\/uploads\/2025\/06\/aydin-tek-e1385476105373-297x300.jpg 297w, https:\/\/aydinteker.com\/wp-content\/uploads\/2025\/06\/aydin-tek-e1385476105373-768x776.jpg 768w\" sizes=\"(max-width: 800px) 100vw, 800px\" \/>\t\t\t\t\t\t\t\t\t\t\t\t\t\t\t<\/div>\n\t\t\t\t<\/div>\n\t\t<div class=\"elementor-element elementor-element-ae30fb8 e-grid e-con-full e-con e-child\" data-id=\"ae30fb8\" data-element_type=\"container\" data-e-type=\"container\">\n\t\t\t\t<div class=\"elementor-element elementor-element-421ac37 elementor-widget elementor-widget-text-editor\" data-id=\"421ac37\" data-element_type=\"widget\" data-e-type=\"widget\" data-widget_type=\"text-editor.default\">\n\t\t\t\t<div class=\"elementor-widget-container\">\n\t\t\t\t\t\t\t\t\t<p>2015<\/p>\t\t\t\t\t\t\t\t<\/div>\n\t\t\t\t<\/div>\n\t\t\t\t<div class=\"elementor-element elementor-element-aaf16af elementor-widget elementor-widget-text-editor\" data-id=\"aaf16af\" data-element_type=\"widget\" data-e-type=\"widget\" data-widget_type=\"text-editor.default\">\n\t\t\t\t<div class=\"elementor-widget-container\">\n\t\t\t\t\t\t\t\t\t<p>In 2015 after teaching for 33 years, Ayd\u0131n Teker retired from her position as the head of Mimar Sinan Fine Arts University, Contemporary Dance Department and Performing Arts Department.<\/p><p><strong>She has been choreographing since 1980 and her creative process changes every ten years, turning into a new era.<\/strong><\/p>\t\t\t\t\t\t\t\t<\/div>\n\t\t\t\t<\/div>\n\t\t\t\t<div class=\"elementor-element elementor-element-5cf30c4 elementor-widget elementor-widget-text-editor\" data-id=\"5cf30c4\" data-element_type=\"widget\" data-e-type=\"widget\" data-widget_type=\"text-editor.default\">\n\t\t\t\t<div class=\"elementor-widget-container\">\n\t\t\t\t\t\t\t\t\t<p>1980<\/p>\t\t\t\t\t\t\t\t<\/div>\n\t\t\t\t<\/div>\n\t\t\t\t<div class=\"elementor-element elementor-element-323abcb elementor-widget elementor-widget-text-editor\" data-id=\"323abcb\" data-element_type=\"widget\" data-e-type=\"widget\" data-widget_type=\"text-editor.default\">\n\t\t\t\t<div class=\"elementor-widget-container\">\n\t\t\t\t\t\t\t\t\t<p>In the 1980s, her goal was to introduce modern dance to classical ballet students at the Istanbul State Conservatory and produce appropriate repertoire pieces for them.<\/p>\t\t\t\t\t\t\t\t<\/div>\n\t\t\t\t<\/div>\n\t\t\t\t<div class=\"elementor-element elementor-element-1e7a4db elementor-widget elementor-widget-text-editor\" data-id=\"1e7a4db\" data-element_type=\"widget\" data-e-type=\"widget\" data-widget_type=\"text-editor.default\">\n\t\t\t\t<div class=\"elementor-widget-container\">\n\t\t\t\t\t\t\t\t\t<p>1990<\/p>\t\t\t\t\t\t\t\t<\/div>\n\t\t\t\t<\/div>\n\t\t\t\t<div class=\"elementor-element elementor-element-54b7265 elementor-widget elementor-widget-text-editor\" data-id=\"54b7265\" data-element_type=\"widget\" data-e-type=\"widget\" data-widget_type=\"text-editor.default\">\n\t\t\t\t<div class=\"elementor-widget-container\">\n\t\t\t\t\t\t\t\t\t<p>In the 1990\u2019s she discovered the power of the space and became a site\u00ad-specific choreographer. It was a \u00a0revolutionary period for her. The starting point of her dance and inspiration came from space. As a result much deeper new relationships emerged between the body and the space which has led to the arise of works such as \u201cSIKI-\u015e (TIR) MAK\u201d and \u201cDance Exhibition\u201d.<\/p>\t\t\t\t\t\t\t\t<\/div>\n\t\t\t\t<\/div>\n\t\t\t\t<div class=\"elementor-element elementor-element-d7a0c2b elementor-widget elementor-widget-text-editor\" data-id=\"d7a0c2b\" data-element_type=\"widget\" data-e-type=\"widget\" data-widget_type=\"text-editor.default\">\n\t\t\t\t<div class=\"elementor-widget-container\">\n\t\t\t\t\t\t\t\t\t<p>2000<\/p>\t\t\t\t\t\t\t\t<\/div>\n\t\t\t\t<\/div>\n\t\t\t\t<div class=\"elementor-element elementor-element-9c27154 elementor-widget elementor-widget-text-editor\" data-id=\"9c27154\" data-element_type=\"widget\" data-e-type=\"widget\" data-widget_type=\"text-editor.default\">\n\t\t\t\t<div class=\"elementor-widget-container\">\n\t\t\t\t\t\t\t\t\t<p>In the 2000\u2019s Teker returned back to stage but main future of her work was to be process oriented rather than result oriented.\u00a0\u00a0In ten years, she produced only three pieces. \u201cDensity\u201d received a special award at the 22. Zurich Theaterspektakel \u201caKabi\u201d and \u201charS\u201d have been acclaimed in many renowned festivals.<\/p>\t\t\t\t\t\t\t\t<\/div>\n\t\t\t\t<\/div>\n\t\t\t\t<div class=\"elementor-element elementor-element-beaebd8 elementor-widget elementor-widget-text-editor\" data-id=\"beaebd8\" data-element_type=\"widget\" data-e-type=\"widget\" data-widget_type=\"text-editor.default\">\n\t\t\t\t<div class=\"elementor-widget-container\">\n\t\t\t\t\t\t\t\t\t<p>2010<\/p>\t\t\t\t\t\t\t\t<\/div>\n\t\t\t\t<\/div>\n\t\t\t\t<div class=\"elementor-element elementor-element-edb8cf7 elementor-widget elementor-widget-text-editor\" data-id=\"edb8cf7\" data-element_type=\"widget\" data-e-type=\"widget\" data-widget_type=\"text-editor.default\">\n\t\t\t\t<div class=\"elementor-widget-container\">\n\t\t\t\t\t\t\t\t\t<p>In the 2010s, unexpectedly theatrical elements, more precisely human relations and interactions, have been included in her creation process. \u201cThree Phases\u201d. was a meeting of her experiences that she had accumulated over the years. It was about the use of objects and space together, to establish a different relationship with the audience. The other interactive piece \u201cHallo!\u201d has performed in Berlin within the frame of Tanz Im August 2018 and in Milan Festival of Silence May 2019.<\/p>\t\t\t\t\t\t\t\t<\/div>\n\t\t\t\t<\/div>\n\t\t\t\t<div class=\"elementor-element elementor-element-4088716 elementor-widget elementor-widget-text-editor\" data-id=\"4088716\" data-element_type=\"widget\" data-e-type=\"widget\" data-widget_type=\"text-editor.default\">\n\t\t\t\t<div class=\"elementor-widget-container\">\n\t\t\t\t\t\t\t\t\t<p>2019<\/p>\t\t\t\t\t\t\t\t<\/div>\n\t\t\t\t<\/div>\n\t\t\t\t<div class=\"elementor-element elementor-element-6de3237 elementor-widget elementor-widget-text-editor\" data-id=\"6de3237\" data-element_type=\"widget\" data-e-type=\"widget\" data-widget_type=\"text-editor.default\">\n\t\t\t\t<div class=\"elementor-widget-container\">\n\t\t\t\t\t\t\t\t\t<p>2019 wrinkles on her skin started to attract her attention. She had a photo exhibition covering the wrinkles of her body \u201cKa(bul)len-me, a video installation \u201cTransForm\u201d\u00a0and a live performance \u201cMarble\u201d within the scope of Artnivo, Artweeks.<\/p><p>2019 she also participated as the Executive Guest Artist in the Nev\u015fehir Ortahisar workshop, which was held within the scope of Circle Guest Artist Program where \u201c Dust in the air\u201d was created.<\/p>\t\t\t\t\t\t\t\t<\/div>\n\t\t\t\t<\/div>\n\t\t\t\t<div class=\"elementor-element elementor-element-bfac781 elementor-widget elementor-widget-text-editor\" data-id=\"bfac781\" data-element_type=\"widget\" data-e-type=\"widget\" data-widget_type=\"text-editor.default\">\n\t\t\t\t<div class=\"elementor-widget-container\">\n\t\t\t\t\t\t\t\t\t<p>2022<\/p>\t\t\t\t\t\t\t\t<\/div>\n\t\t\t\t<\/div>\n\t\t\t\t<div class=\"elementor-element elementor-element-3ba9701 elementor-widget elementor-widget-text-editor\" data-id=\"3ba9701\" data-element_type=\"widget\" data-e-type=\"widget\" data-widget_type=\"text-editor.default\">\n\t\t\t\t<div class=\"elementor-widget-container\">\n\t\t\t\t\t\t\t\t\t<p>2020 she created live performance \u201cDibine\u201d and video work \u201cS\u00fcrg\u00fcn\u201d at K2 Contemporary Art Center Urla Nefes Area within the scope of the closing event of K2 Circle Guest Artist Program.<\/p><p>2022\u00a0 live performances and video works \u201c Frame I_II_III\u201d premiered in \u2018In Search of Lost Time\u2019 Exhibition\u00a0 K\u00fc\u00e7\u00fck Han Ayval\u0131k.<\/p>\t\t\t\t\t\t\t\t<\/div>\n\t\t\t\t<\/div>\n\t\t\t\t<\/div>\n\t\t<div class=\"elementor-element elementor-element-9114a7c e-grid e-con-full e-con e-child\" data-id=\"9114a7c\" data-element_type=\"container\" data-e-type=\"container\">\n\t\t\t\t<div class=\"elementor-element elementor-element-7b71a5f elementor-widget elementor-widget-text-editor\" data-id=\"7b71a5f\" data-element_type=\"widget\" data-e-type=\"widget\" data-widget_type=\"text-editor.default\">\n\t\t\t\t<div class=\"elementor-widget-container\">\n\t\t\t\t\t\t\t\t\t<p>Education<\/p>\t\t\t\t\t\t\t\t<\/div>\n\t\t\t\t<\/div>\n\t\t\t\t<div class=\"elementor-element elementor-element-e64ab4e elementor-widget elementor-widget-text-editor\" data-id=\"e64ab4e\" data-element_type=\"widget\" data-e-type=\"widget\" data-widget_type=\"text-editor.default\">\n\t\t\t\t<div class=\"elementor-widget-container\">\n\t\t\t\t\t\t\t\t\t<p>\u00a0 \u00a0<\/p>\t\t\t\t\t\t\t\t<\/div>\n\t\t\t\t<\/div>\n\t\t\t\t<div class=\"elementor-element elementor-element-f1088dc elementor-widget elementor-widget-text-editor\" data-id=\"f1088dc\" data-element_type=\"widget\" data-e-type=\"widget\" data-widget_type=\"text-editor.default\">\n\t\t\t\t<div class=\"elementor-widget-container\">\n\t\t\t\t\t\t\t\t\t<p>1993-94<\/p>\t\t\t\t\t\t\t\t<\/div>\n\t\t\t\t<\/div>\n\t\t\t\t<div class=\"elementor-element elementor-element-6d41e1f elementor-widget elementor-widget-text-editor\" data-id=\"6d41e1f\" data-element_type=\"widget\" data-e-type=\"widget\" data-widget_type=\"text-editor.default\">\n\t\t\t\t<div class=\"elementor-widget-container\">\n\t\t\t\t\t\t\t\t\t<p>Fulbright Research Scholar<br \/>New York, USA<\/p>\t\t\t\t\t\t\t\t<\/div>\n\t\t\t\t<\/div>\n\t\t\t\t<div class=\"elementor-element elementor-element-a8a6c43 elementor-widget elementor-widget-text-editor\" data-id=\"a8a6c43\" data-element_type=\"widget\" data-e-type=\"widget\" data-widget_type=\"text-editor.default\">\n\t\t\t\t<div class=\"elementor-widget-container\">\n\t\t\t\t\t\t\t\t\t<p>1983<\/p>\t\t\t\t\t\t\t\t<\/div>\n\t\t\t\t<\/div>\n\t\t\t\t<div class=\"elementor-element elementor-element-b7e7f9b elementor-widget elementor-widget-text-editor\" data-id=\"b7e7f9b\" data-element_type=\"widget\" data-e-type=\"widget\" data-widget_type=\"text-editor.default\">\n\t\t\t\t<div class=\"elementor-widget-container\">\n\t\t\t\t\t\t\t\t\t<p>Diploma of Adequacy <br \/>(equivalent of Doctorate degree) <br \/>Mimar Sinan University, Istanbul, T\u00fcrkiye<\/p>\t\t\t\t\t\t\t\t<\/div>\n\t\t\t\t<\/div>\n\t\t\t\t<div class=\"elementor-element elementor-element-b31704b elementor-widget elementor-widget-text-editor\" data-id=\"b31704b\" data-element_type=\"widget\" data-e-type=\"widget\" data-widget_type=\"text-editor.default\">\n\t\t\t\t<div class=\"elementor-widget-container\">\n\t\t\t\t\t\t\t\t\t<p>1980-81<\/p>\t\t\t\t\t\t\t\t<\/div>\n\t\t\t\t<\/div>\n\t\t\t\t<div class=\"elementor-element elementor-element-2cae185 elementor-widget elementor-widget-text-editor\" data-id=\"2cae185\" data-element_type=\"widget\" data-e-type=\"widget\" data-widget_type=\"text-editor.default\">\n\t\t\t\t<div class=\"elementor-widget-container\">\n\t\t\t\t\t\t\t\t\t<p>Master of Fine Arts;<br \/>New York University,<br \/>School of the Arts,<br \/>New York, USA.<\/p>\t\t\t\t\t\t\t\t<\/div>\n\t\t\t\t<\/div>\n\t\t\t\t<div class=\"elementor-element elementor-element-ed70c18 elementor-widget elementor-widget-text-editor\" data-id=\"ed70c18\" data-element_type=\"widget\" data-e-type=\"widget\" data-widget_type=\"text-editor.default\">\n\t\t\t\t<div class=\"elementor-widget-container\">\n\t\t\t\t\t\t\t\t\t<p>1977-80<\/p>\t\t\t\t\t\t\t\t<\/div>\n\t\t\t\t<\/div>\n\t\t\t\t<div class=\"elementor-element elementor-element-1e0243b elementor-widget elementor-widget-text-editor\" data-id=\"1e0243b\" data-element_type=\"widget\" data-e-type=\"widget\" data-widget_type=\"text-editor.default\">\n\t\t\t\t<div class=\"elementor-widget-container\">\n\t\t\t\t\t\t\t\t\t<p>Bachelor of Fine Arts;<br \/>New York University,<br \/>School of the Arts,<br \/>New York, USA.<\/p>\t\t\t\t\t\t\t\t<\/div>\n\t\t\t\t<\/div>\n\t\t\t\t<div class=\"elementor-element elementor-element-ed4b42a elementor-widget elementor-widget-text-editor\" data-id=\"ed4b42a\" data-element_type=\"widget\" data-e-type=\"widget\" data-widget_type=\"text-editor.default\">\n\t\t\t\t<div class=\"elementor-widget-container\">\n\t\t\t\t\t\t\t\t\t<p>1976-77<\/p>\t\t\t\t\t\t\t\t<\/div>\n\t\t\t\t<\/div>\n\t\t\t\t<div class=\"elementor-element elementor-element-a6e5f0b elementor-widget elementor-widget-text-editor\" data-id=\"a6e5f0b\" data-element_type=\"widget\" data-e-type=\"widget\" data-widget_type=\"text-editor.default\">\n\t\t\t\t<div class=\"elementor-widget-container\">\n\t\t\t\t\t\t\t\t\t<p>Upper Division Special Student;<br \/>State University of New York at Purchase,<br \/>New York, USA.<\/p>\t\t\t\t\t\t\t\t<\/div>\n\t\t\t\t<\/div>\n\t\t\t\t<div class=\"elementor-element elementor-element-05446a1 elementor-widget elementor-widget-text-editor\" data-id=\"05446a1\" data-element_type=\"widget\" data-e-type=\"widget\" data-widget_type=\"text-editor.default\">\n\t\t\t\t<div class=\"elementor-widget-container\">\n\t\t\t\t\t\t\t\t\t<p>1976<\/p>\t\t\t\t\t\t\t\t<\/div>\n\t\t\t\t<\/div>\n\t\t\t\t<div class=\"elementor-element elementor-element-6305bb2 elementor-widget elementor-widget-text-editor\" data-id=\"6305bb2\" data-element_type=\"widget\" data-e-type=\"widget\" data-widget_type=\"text-editor.default\">\n\t\t\t\t<div class=\"elementor-widget-container\">\n\t\t\t\t\t\t\t\t\t<p>Spring semester evening courses and summer semester;<br \/>London School of Contemporary Dance,<br \/>London, England.<\/p>\t\t\t\t\t\t\t\t<\/div>\n\t\t\t\t<\/div>\n\t\t\t\t<div class=\"elementor-element elementor-element-add55df elementor-widget elementor-widget-text-editor\" data-id=\"add55df\" data-element_type=\"widget\" data-e-type=\"widget\" data-widget_type=\"text-editor.default\">\n\t\t\t\t<div class=\"elementor-widget-container\">\n\t\t\t\t\t\t\t\t\t<p>1971-73<\/p>\t\t\t\t\t\t\t\t<\/div>\n\t\t\t\t<\/div>\n\t\t\t\t<div class=\"elementor-element elementor-element-8609811 elementor-widget elementor-widget-text-editor\" data-id=\"8609811\" data-element_type=\"widget\" data-e-type=\"widget\" data-widget_type=\"text-editor.default\">\n\t\t\t\t<div class=\"elementor-widget-container\">\n\t\t\t\t\t\t\t\t\t<p>School of Higher Education;<br \/>Ankara State Conservatory,<br \/>Department of Ballet,<br \/>Ankara, T\u00fcrkiye.<\/p>\t\t\t\t\t\t\t\t<\/div>\n\t\t\t\t<\/div>\n\t\t\t\t<div class=\"elementor-element elementor-element-5395879 elementor-widget elementor-widget-text-editor\" data-id=\"5395879\" data-element_type=\"widget\" data-e-type=\"widget\" data-widget_type=\"text-editor.default\">\n\t\t\t\t<div class=\"elementor-widget-container\">\n\t\t\t\t\t\t\t\t\t<p>1962-71<\/p>\t\t\t\t\t\t\t\t<\/div>\n\t\t\t\t<\/div>\n\t\t\t\t<div class=\"elementor-element elementor-element-1a3f295 elementor-widget elementor-widget-text-editor\" data-id=\"1a3f295\" data-element_type=\"widget\" data-e-type=\"widget\" data-widget_type=\"text-editor.default\">\n\t\t\t\t<div class=\"elementor-widget-container\">\n\t\t\t\t\t\t\t\t\t<p>School of Secondary Education;<br \/>Ankara State Conservatory,<br \/>Department of Ballet,<br \/>Ankara, T\u00fcrkiye.<\/p>\t\t\t\t\t\t\t\t<\/div>\n\t\t\t\t<\/div>\n\t\t\t\t<\/div>\n\t\t\t\t\t<\/div>\n\t\t\t\t<\/div>\n\t\t<div class=\"elementor-element elementor-element-6048492d e-flex e-con-boxed e-con e-parent\" data-id=\"6048492d\" data-element_type=\"container\" data-e-type=\"container\">\n\t\t\t\t\t<div class=\"e-con-inner\">\n\t\t\t\t<div class=\"elementor-element elementor-element-4ab3bdbd elementor-align-right elementor-widget elementor-widget-button\" data-id=\"4ab3bdbd\" data-element_type=\"widget\" data-e-type=\"widget\" data-widget_type=\"button.default\">\n\t\t\t\t<div class=\"elementor-widget-container\">\n\t\t\t\t\t\t\t\t\t<div class=\"elementor-button-wrapper\">\n\t\t\t\t\t<a class=\"elementor-button elementor-button-link elementor-size-sm\" href=\"https:\/\/aydinteker.com\/tr\/archive\/\">\n\t\t\t\t\t\t<span class=\"elementor-button-content-wrapper\">\n\t\t\t\t\t\t\t\t\t<span class=\"elementor-button-text\">Ar\u015fiv<\/span>\n\t\t\t\t\t<\/span>\n\t\t\t\t\t<\/a>\n\t\t\t\t<\/div>\n\t\t\t\t\t\t\t\t<\/div>\n\t\t\t\t<\/div>\n\t\t\t\t\t<\/div>\n\t\t\t\t<\/div>\n\t\t<div class=\"elementor-element elementor-element-227b930 e-grid e-con-boxed e-con e-parent\" data-id=\"227b930\" data-element_type=\"container\" data-e-type=\"container\">\n\t\t\t\t\t<div class=\"e-con-inner\">\n\t\t\t\t\t<\/div>\n\t\t\t\t<\/div>\n\t\t\t\t<\/div>","protected":false},"excerpt":{"rendered":"<p>Bio 1973 1982 Graduated from Ankara State Conservatory in 1973 and joined Ankara State Opera and Ballet as a dancer. In 1976 she got a scholarship and first went to London and then to the USA. She received her B.F.A. and M.F.A. from New York University\u2019s Tisch School of the Arts. In 1982 she came&#8230;<\/p>","protected":false},"author":1,"featured_media":0,"parent":0,"menu_order":0,"comment_status":"closed","ping_status":"closed","template":"","meta":{"footnotes":""},"class_list":["post-430","page","type-page","status-publish","hentry"],"_links":{"self":[{"href":"https:\/\/aydinteker.com\/tr\/wp-json\/wp\/v2\/pages\/430","targetHints":{"allow":["GET"]}}],"collection":[{"href":"https:\/\/aydinteker.com\/tr\/wp-json\/wp\/v2\/pages"}],"about":[{"href":"https:\/\/aydinteker.com\/tr\/wp-json\/wp\/v2\/types\/page"}],"author":[{"embeddable":true,"href":"https:\/\/aydinteker.com\/tr\/wp-json\/wp\/v2\/users\/1"}],"replies":[{"embeddable":true,"href":"https:\/\/aydinteker.com\/tr\/wp-json\/wp\/v2\/comments?post=430"}],"version-history":[{"count":177,"href":"https:\/\/aydinteker.com\/tr\/wp-json\/wp\/v2\/pages\/430\/revisions"}],"predecessor-version":[{"id":5985,"href":"https:\/\/aydinteker.com\/tr\/wp-json\/wp\/v2\/pages\/430\/revisions\/5985"}],"wp:attachment":[{"href":"https:\/\/aydinteker.com\/tr\/wp-json\/wp\/v2\/media?parent=430"}],"curies":[{"name":"wp","href":"https:\/\/api.w.org\/{rel}","templated":true}]}}