{"id":4282,"date":"2025-08-15T06:02:22","date_gmt":"2025-08-15T06:02:22","guid":{"rendered":"https:\/\/aydinteker.com\/?page_id=4282"},"modified":"2026-02-01T12:14:39","modified_gmt":"2026-02-01T12:14:39","slug":"agenda","status":"publish","type":"page","link":"https:\/\/aydinteker.com\/tr\/agenda\/","title":{"rendered":"Ajanda"},"content":{"rendered":"<div data-elementor-type=\"wp-page\" data-elementor-id=\"4282\" class=\"elementor elementor-4282\">\n\t\t\t\t<div class=\"elementor-element elementor-element-13b1501 e-grid e-con-boxed e-con e-parent\" data-id=\"13b1501\" data-element_type=\"container\" data-e-type=\"container\">\n\t\t\t\t\t<div class=\"e-con-inner\">\n\t\t\t\t<div class=\"elementor-element elementor-element-87d0af9 elementor-widget elementor-widget-image\" data-id=\"87d0af9\" data-element_type=\"widget\" data-e-type=\"widget\" data-widget_type=\"image.default\">\n\t\t\t\t<div class=\"elementor-widget-container\">\n\t\t\t\t\t\t\t\t\t\t\t\t\t\t\t\t<a href=\"https:\/\/biletinial.com\/tr-tr\/tiyatro\/hallo-aydin-teker-turkiye\">\n\t\t\t\t\t\t\t<img fetchpriority=\"high\" decoding=\"async\" width=\"769\" height=\"1024\" src=\"https:\/\/aydinteker.com\/wp-content\/uploads\/2025\/11\/01K8WRV68T711ETRQNBYY5ZS0J-769x1024.png\" class=\"attachment-large size-large wp-image-5859\" alt=\"\" srcset=\"https:\/\/aydinteker.com\/wp-content\/uploads\/2025\/11\/01K8WRV68T711ETRQNBYY5ZS0J-769x1024.png 769w, https:\/\/aydinteker.com\/wp-content\/uploads\/2025\/11\/01K8WRV68T711ETRQNBYY5ZS0J-225x300.png 225w, https:\/\/aydinteker.com\/wp-content\/uploads\/2025\/11\/01K8WRV68T711ETRQNBYY5ZS0J-768x1023.png 768w, https:\/\/aydinteker.com\/wp-content\/uploads\/2025\/11\/01K8WRV68T711ETRQNBYY5ZS0J-1153x1536.png 1153w, https:\/\/aydinteker.com\/wp-content\/uploads\/2025\/11\/01K8WRV68T711ETRQNBYY5ZS0J-9x12.png 9w, https:\/\/aydinteker.com\/wp-content\/uploads\/2025\/11\/01K8WRV68T711ETRQNBYY5ZS0J.png 1501w\" sizes=\"(max-width: 769px) 100vw, 769px\" \/>\t\t\t\t\t\t\t\t<\/a>\n\t\t\t\t\t\t\t\t\t\t\t\t\t\t\t<\/div>\n\t\t\t\t<\/div>\n\t\t<div class=\"elementor-element elementor-element-8f4cf4b e-con-full e-grid e-con e-child\" data-id=\"8f4cf4b\" data-element_type=\"container\" data-e-type=\"container\">\n\t\t\t\t<div class=\"elementor-element elementor-element-d51d0a0 elementor-widget elementor-widget-heading\" data-id=\"d51d0a0\" data-element_type=\"widget\" data-e-type=\"widget\" data-widget_type=\"heading.default\">\n\t\t\t\t<div class=\"elementor-widget-container\">\n\t\t\t\t\t<h2 class=\"elementor-heading-title elementor-size-default\"><a href=\"https:\/\/www.bienallefkosa.com\/en\/2025\/artists\/aydin-teker\">Ayd\u0131n Teker bu y\u0131l ilki d\u00fczenlenen Bienal Lefko\u015fa'ya \u00fc\u00e7 farkl\u0131 i\u015fiyle konuk oluyor. \u00c7ER\u00c7EVELER, TransForm ve Ka(bul)len-me 6 Aral\u0131k 2025 tarihine kadar Eski Frans\u0131z K\u00fclt\u00fcr Derne\u011fi Binas\u0131'nda g\u00f6r\u00fclebilir.<\/a><\/h2>\t\t\t\t<\/div>\n\t\t\t\t<\/div>\n\t\t\t\t<div class=\"elementor-element elementor-element-f3f9f2f elementor-widget elementor-widget-text-editor\" data-id=\"f3f9f2f\" data-element_type=\"widget\" data-e-type=\"widget\" data-widget_type=\"text-editor.default\">\n\t\t\t\t<div class=\"elementor-widget-container\">\n\t\t\t\t\t\t\t\t\t<p>07 Kas\u0131m &#8211; 06 Aral\u0131k 2025<\/p>\t\t\t\t\t\t\t\t<\/div>\n\t\t\t\t<\/div>\n\t\t\t\t<\/div>\n\t\t\t\t\t<\/div>\n\t\t\t\t<\/div>\n\t\t<div class=\"elementor-element elementor-element-0e82fb9 e-grid e-con-boxed e-con e-parent\" data-id=\"0e82fb9\" data-element_type=\"container\" data-e-type=\"container\">\n\t\t\t\t\t<div class=\"e-con-inner\">\n\t\t\t\t<div class=\"elementor-element elementor-element-78dc9e2 l-neuron-grid-wrapper--columns__3 l-neuron-grid-wrapper-tablet--columns__2 l-neuron-grid-wrapper-mobile--columns__1 m-neuron-posts--thumbnail-top m-neuron-posts--layout-grid elementor-invisible elementor-widget elementor-widget-neuron-posts\" data-id=\"78dc9e2\" data-element_type=\"widget\" data-e-type=\"widget\" data-settings=\"{&quot;columns&quot;:&quot;3&quot;,&quot;columns_tablet&quot;:&quot;2&quot;,&quot;columns_mobile&quot;:&quot;1&quot;,&quot;carousel&quot;:&quot;no&quot;,&quot;layout&quot;:&quot;grid&quot;,&quot;pagination&quot;:&quot;none&quot;,&quot;row_gap&quot;:{&quot;unit&quot;:&quot;px&quot;,&quot;size&quot;:35,&quot;sizes&quot;:[]},&quot;row_gap_tablet&quot;:{&quot;unit&quot;:&quot;px&quot;,&quot;size&quot;:&quot;&quot;,&quot;sizes&quot;:[]},&quot;row_gap_mobile&quot;:{&quot;unit&quot;:&quot;px&quot;,&quot;size&quot;:&quot;&quot;,&quot;sizes&quot;:[]},&quot;animation&quot;:&quot;yes&quot;,&quot;neuron_animations&quot;:&quot;h-neuron-animation--slideUp&quot;,&quot;neuron_animations_duration&quot;:&quot;animated&quot;,&quot;animation_delay&quot;:0}\" data-widget_type=\"neuron-posts.default\">\n\t\t\t\t<div class=\"elementor-widget-container\">\n\t\t\t\t\t\t\t<div class=\"m-neuron-filters\" aria-label=\"Filters\">\r\n\t\t\t<ul >\r\n\t\t\t\t\t\t\t\t\t<li class=\"m-neuron-filters__item active\" data-filter=\"*\">All<\/li>\r\n\t\t\t\t\r\n\t\t\t\t\t\t\t\t\t<li class=\"m-neuron-filters__item\" data-filter=\"tag-atolye\">At\u00f6lye<\/li>\r\n\t\t\t\t\t\t\t\t\t<li class=\"m-neuron-filters__item\" data-filter=\"tag-workshop\">Workshop<\/li>\r\n\t\t\t\t\t\t\t\t\t<li class=\"m-neuron-filters__item\" data-filter=\"tag-guncel-ajanda\">G\u00fcncel ajanda<\/li>\r\n\t\t\t\t\t\t\t<\/ul>\r\n\t\t<\/div>\r\n\t\t\t\t\t\t\t\t<div class=\"l-neuron-grid\" data-masonry-id=\"3cff18b58e625d2cd13dcacc9690c534\">\r\n\t\t\t\t\t\t\t\t\t\t\t\t<article class=\"l-neuron-grid__item h-neuron-animation--wow m-neuron-post post-5629 post type-post status-publish format-standard has-post-thumbnail hentry category-agenda tag-atolye tag-workshop\" data-id=\"5629\">\r\n\t\t\t\t\t\t\t\t<div class=\"m-neuron-post__inner m-neuron-post__inner--classic\">\r\n        \r\n        <h3 class=\"m-neuron-post__title\"><a href=\"https:\/\/aydinteker.com\/tr\/anatomi-ve-hareket-atolyesi-kent-tiyatro-festivalinde\/\">Anatomi ve Hareket At\u00f6lyesi Kent Tiyatro Festivali&#8217;nde<\/a><\/h3><span class=\"m-neuron-post__meta-data\"> <span class=\"date\"> 13.10.2025<\/span> <\/span><a class=\"m-neuron-post__thumbnail--link\"  href=\"https:\/\/aydinteker.com\/tr\/anatomi-ve-hareket-atolyesi-kent-tiyatro-festivalinde\/\"><div class=\"m-neuron-post__thumbnail\"><img decoding=\"async\" width=\"768\" height=\"1024\" src=\"https:\/\/aydinteker.com\/wp-content\/uploads\/2025\/10\/C5D38C6C-45A7-4352-9796-90A60DF76FCA-768x1024.jpg\" class=\"attachment-large size-large wp-post-image\" alt=\"\" srcset=\"https:\/\/aydinteker.com\/wp-content\/uploads\/2025\/10\/C5D38C6C-45A7-4352-9796-90A60DF76FCA-768x1024.jpg 768w, https:\/\/aydinteker.com\/wp-content\/uploads\/2025\/10\/C5D38C6C-45A7-4352-9796-90A60DF76FCA-225x300.jpg 225w, https:\/\/aydinteker.com\/wp-content\/uploads\/2025\/10\/C5D38C6C-45A7-4352-9796-90A60DF76FCA-9x12.jpg 9w, https:\/\/aydinteker.com\/wp-content\/uploads\/2025\/10\/C5D38C6C-45A7-4352-9796-90A60DF76FCA.jpg 1080w\" sizes=\"(max-width: 768px) 100vw, 768px\" \/><\/div><\/a><div class=\"m-neuron-post__excerpt\">Ayd\u0131n Teker uzun soluklu sanat ve e\u011fitim ya\u015fam\u0131nda derledi\u011fi bilgilerle Kent Tiyatro Festivali kapsam\u0131nda 13 ve 14 Ekim 2025 tarihinde Anatomi ve Hareket At\u00f6lyesi<\/div><div class=\"m-neuron-post__read-more\"><a href=\"https:\/\/aydinteker.com\/tr\/anatomi-ve-hareket-atolyesi-kent-tiyatro-festivalinde\/\"><span>Read More<\/span><span class=\"m-neuron-post__read-more--icon\"><\/span><\/a><\/div>        \r\n    <\/div>\t\t\t\t\t\t\t<\/article>\r\n\t\t\t\t\t\t\t\t\t\t\t\t\t\t<article class=\"l-neuron-grid__item h-neuron-animation--wow m-neuron-post post-5619 post type-post status-publish format-standard has-post-thumbnail hentry category-agenda tag-guncel-ajanda\" data-id=\"5619\">\r\n\t\t\t\t\t\t\t\t<div class=\"m-neuron-post__inner m-neuron-post__inner--classic\">\r\n        \r\n        <h3 class=\"m-neuron-post__title\"><a href=\"https:\/\/aydinteker.com\/tr\/hallo-kent-tiyatro-festivalinde\/\">Hallo! Kent Tiyatro Festivali&#8217;nde<\/a><\/h3><span class=\"m-neuron-post__meta-data\"> <span class=\"date\"> 12.10.2025<\/span> <\/span><a class=\"m-neuron-post__thumbnail--link\"  href=\"https:\/\/aydinteker.com\/tr\/hallo-kent-tiyatro-festivalinde\/\"><div class=\"m-neuron-post__thumbnail\"><img decoding=\"async\" width=\"717\" height=\"1024\" src=\"https:\/\/aydinteker.com\/wp-content\/uploads\/2025\/10\/IMG_3931-717x1024.jpg\" class=\"attachment-large size-large wp-post-image\" alt=\"\" srcset=\"https:\/\/aydinteker.com\/wp-content\/uploads\/2025\/10\/IMG_3931-717x1024.jpg 717w, https:\/\/aydinteker.com\/wp-content\/uploads\/2025\/10\/IMG_3931-210x300.jpg 210w, https:\/\/aydinteker.com\/wp-content\/uploads\/2025\/10\/IMG_3931-768x1097.jpg 768w, https:\/\/aydinteker.com\/wp-content\/uploads\/2025\/10\/IMG_3931-1076x1536.jpg 1076w, https:\/\/aydinteker.com\/wp-content\/uploads\/2025\/10\/IMG_3931-8x12.jpg 8w, https:\/\/aydinteker.com\/wp-content\/uploads\/2025\/10\/IMG_3931.jpg 1080w\" sizes=\"(max-width: 717px) 100vw, 717px\" \/><\/div><\/a><div class=\"m-neuron-post__excerpt\">Ayd\u0131n Teker&#8217;in &#8216;en minimal performans\u0131m&#8217; olarak tan\u0131mlad\u0131\u011f\u0131; duymaman\u0131n ve duyulmaman\u0131n performans\u0131 Hallo! (2015) Gizem Aksu&#8217;nun performas\u0131yla 12 Ekim 2025 saat 18:30&#8217;da Kent Tiyatro Festivali<\/div><div class=\"m-neuron-post__read-more\"><a href=\"https:\/\/aydinteker.com\/tr\/hallo-kent-tiyatro-festivalinde\/\"><span>Read More<\/span><span class=\"m-neuron-post__read-more--icon\"><\/span><\/a><\/div>        \r\n    <\/div>\t\t\t\t\t\t\t<\/article>\r\n\t\t\t\t\t\t\t\t\t\t\t\t\t\t<article class=\"l-neuron-grid__item h-neuron-animation--wow m-neuron-post post-3478 post type-post status-publish format-standard has-post-thumbnail hentry category-agenda tag-guncel-ajanda\" data-id=\"3478\">\r\n\t\t\t\t\t\t\t\t<div class=\"m-neuron-post__inner m-neuron-post__inner--classic\">\r\n        \r\n        <h3 class=\"m-neuron-post__title\"><a href=\"https:\/\/aydinteker.com\/tr\/uc-faz\/\">\u00dc\u00e7 Faz<\/a><\/h3><span class=\"m-neuron-post__meta-data\"> <span class=\"date\"> 21.09.2024<\/span> <\/span><a class=\"m-neuron-post__thumbnail--link\"  href=\"https:\/\/aydinteker.com\/tr\/uc-faz\/\"><div class=\"m-neuron-post__thumbnail\"><img loading=\"lazy\" decoding=\"async\" width=\"1024\" height=\"683\" src=\"https:\/\/aydinteker.com\/wp-content\/uploads\/2025\/07\/ucfaz-24-of-25-1024x683.jpg\" class=\"attachment-large size-large wp-post-image\" alt=\"\" srcset=\"https:\/\/aydinteker.com\/wp-content\/uploads\/2025\/07\/ucfaz-24-of-25-1024x683.jpg 1024w, https:\/\/aydinteker.com\/wp-content\/uploads\/2025\/07\/ucfaz-24-of-25-300x200.jpg 300w, https:\/\/aydinteker.com\/wp-content\/uploads\/2025\/07\/ucfaz-24-of-25-768x512.jpg 768w, https:\/\/aydinteker.com\/wp-content\/uploads\/2025\/07\/ucfaz-24-of-25-1536x1024.jpg 1536w, https:\/\/aydinteker.com\/wp-content\/uploads\/2025\/07\/ucfaz-24-of-25-2048x1365.jpg 2048w\" sizes=\"(max-width: 1024px) 100vw, 1024px\" \/><\/div><\/a><div class=\"m-neuron-post__excerpt\">Ayd\u0131n Teker\u2019in \u00dc\u00e7 Faz (2013) isimli \u00e7al\u0131\u015fmas\u0131nda platformlar\u0131n ve mekan\u0131n kullan\u0131m\u0131yla karma\u015f\u0131k mimari ili\u015fkiler meydana geliyor. Bedenin ko\u015fullar\u0131 hareketli platformlar arac\u0131l\u0131\u011f\u0131yla de\u011fi\u015fen d\u00fczlemlerde sorgulan\u0131yor.<\/div><div class=\"m-neuron-post__read-more\"><a href=\"https:\/\/aydinteker.com\/tr\/uc-faz\/\"><span>Read More<\/span><span class=\"m-neuron-post__read-more--icon\"><\/span><\/a><\/div>        \r\n    <\/div>\t\t\t\t\t\t\t<\/article>\r\n\t\t\t\t\t\t\t\t\t\t\t\t\t\t<article class=\"l-neuron-grid__item h-neuron-animation--wow m-neuron-post post-3487 post type-post status-publish format-standard has-post-thumbnail hentry category-agenda\" data-id=\"3487\">\r\n\t\t\t\t\t\t\t\t<div class=\"m-neuron-post__inner m-neuron-post__inner--classic\">\r\n        \r\n        <h3 class=\"m-neuron-post__title\"><a href=\"https:\/\/aydinteker.com\/tr\/surgun\/\">S\u00fcrg\u00fcn<\/a><\/h3><span class=\"m-neuron-post__meta-data\"> <span class=\"date\"> 21.09.2024<\/span> <\/span><a class=\"m-neuron-post__thumbnail--link\"  href=\"https:\/\/aydinteker.com\/tr\/surgun\/\"><div class=\"m-neuron-post__thumbnail\"><img loading=\"lazy\" decoding=\"async\" width=\"1024\" height=\"572\" src=\"https:\/\/aydinteker.com\/wp-content\/uploads\/2025\/07\/surgun-1024x572.png\" class=\"attachment-large size-large wp-post-image\" alt=\"\" srcset=\"https:\/\/aydinteker.com\/wp-content\/uploads\/2025\/07\/surgun-1024x572.png 1024w, https:\/\/aydinteker.com\/wp-content\/uploads\/2025\/07\/surgun-300x168.png 300w, https:\/\/aydinteker.com\/wp-content\/uploads\/2025\/07\/surgun-768x429.png 768w, https:\/\/aydinteker.com\/wp-content\/uploads\/2025\/07\/surgun-1536x859.png 1536w, https:\/\/aydinteker.com\/wp-content\/uploads\/2025\/07\/surgun-2048x1145.png 2048w\" sizes=\"(max-width: 1024px) 100vw, 1024px\" \/><\/div><\/a><div class=\"m-neuron-post__excerpt\">\u015eiirsel bir k\u0131sa deneme olan Ayd\u0131n Teker&#8217;in S\u00fcrg\u00fcn&#8217;\u00fc (2021), ekolojik y\u0131k\u0131m \u00e7er\u00e7evesinde do\u011fa ve insan aras\u0131ndaki bedensel d\u00fczeydeki ba\u011f\u0131 ara\u015ft\u0131r\u0131yor. Kadim bir \u00e7am a\u011fac\u0131n\u0131n<\/div><div class=\"m-neuron-post__read-more\"><a href=\"https:\/\/aydinteker.com\/tr\/surgun\/\"><span>Read More<\/span><span class=\"m-neuron-post__read-more--icon\"><\/span><\/a><\/div>        \r\n    <\/div>\t\t\t\t\t\t\t<\/article>\r\n\t\t\t\t\t\t\t\t\t\t\t\t\t\t<article class=\"l-neuron-grid__item h-neuron-animation--wow m-neuron-post post-3469 post type-post status-publish format-standard has-post-thumbnail hentry category-agenda\" data-id=\"3469\">\r\n\t\t\t\t\t\t\t\t<div class=\"m-neuron-post__inner m-neuron-post__inner--classic\">\r\n        \r\n        <h3 class=\"m-neuron-post__title\"><a href=\"https:\/\/aydinteker.com\/tr\/renewal\/\">Renewal<\/a><\/h3><span class=\"m-neuron-post__meta-data\"> <span class=\"date\"> 21.09.2024<\/span> <\/span><a class=\"m-neuron-post__thumbnail--link\"  href=\"https:\/\/aydinteker.com\/tr\/renewal\/\"><div class=\"m-neuron-post__thumbnail\"><img loading=\"lazy\" decoding=\"async\" width=\"1024\" height=\"776\" src=\"https:\/\/aydinteker.com\/wp-content\/uploads\/2025\/07\/Renewal-1024x776.png\" class=\"attachment-large size-large wp-post-image\" alt=\"\" srcset=\"https:\/\/aydinteker.com\/wp-content\/uploads\/2025\/07\/Renewal-1024x776.png 1024w, https:\/\/aydinteker.com\/wp-content\/uploads\/2025\/07\/Renewal-300x227.png 300w, https:\/\/aydinteker.com\/wp-content\/uploads\/2025\/07\/Renewal-768x582.png 768w, https:\/\/aydinteker.com\/wp-content\/uploads\/2025\/07\/Renewal-1536x1164.png 1536w, https:\/\/aydinteker.com\/wp-content\/uploads\/2025\/07\/Renewal-2048x1552.png 2048w\" sizes=\"(max-width: 1024px) 100vw, 1024px\" \/><\/div><\/a><div class=\"m-neuron-post__excerpt\">Theater Speaktakel \u00d6zel \u00d6d\u00fcl\u2019l\u00fc Yo\u011funluk (2001) adl\u0131 koreografisinde yer alan Renewal (2001) isimli videoda Ayd\u0131n Teker; i\u011fne ipli\u011fe \u201codak\u201dlan\u0131yor. Bedendeki yerle\u015fik konsantrasyon ve kapasitelerin<\/div><div class=\"m-neuron-post__read-more\"><a href=\"https:\/\/aydinteker.com\/tr\/renewal\/\"><span>Read More<\/span><span class=\"m-neuron-post__read-more--icon\"><\/span><\/a><\/div>        \r\n    <\/div>\t\t\t\t\t\t\t<\/article>\r\n\t\t\t\t\t\t\t\t\t\t\t<\/div>\r\n\t\t\t\r\n\t\t\t\t\t\t<\/div>\n\t\t\t\t<\/div>\n\t\t\t\t\t<\/div>\n\t\t\t\t<\/div>\n\t\t<div class=\"elementor-element elementor-element-2c2fe068 e-flex e-con-boxed e-con e-parent\" data-id=\"2c2fe068\" data-element_type=\"container\" data-e-type=\"container\">\n\t\t\t\t\t<div class=\"e-con-inner\">\n\t\t\t\t<div class=\"elementor-element elementor-element-71068fc5 elementor-align-right elementor-widget elementor-widget-button\" data-id=\"71068fc5\" data-element_type=\"widget\" data-e-type=\"widget\" data-widget_type=\"button.default\">\n\t\t\t\t<div class=\"elementor-widget-container\">\n\t\t\t\t\t\t\t\t\t<div class=\"elementor-button-wrapper\">\n\t\t\t\t\t<a class=\"elementor-button elementor-button-link elementor-size-sm\" href=\"https:\/\/aydinteker.com\/tr\/archive\/\">\n\t\t\t\t\t\t<span class=\"elementor-button-content-wrapper\">\n\t\t\t\t\t\t\t\t\t<span class=\"elementor-button-text\">Ar\u015fiv<\/span>\n\t\t\t\t\t<\/span>\n\t\t\t\t\t<\/a>\n\t\t\t\t<\/div>\n\t\t\t\t\t\t\t\t<\/div>\n\t\t\t\t<\/div>\n\t\t\t\t\t<\/div>\n\t\t\t\t<\/div>\n\t\t<div class=\"elementor-element elementor-element-761f330 e-grid e-con-boxed e-con e-parent\" data-id=\"761f330\" data-element_type=\"container\" data-e-type=\"container\">\n\t\t\t\t\t<div class=\"e-con-inner\">\n\t\t\t\t\t<\/div>\n\t\t\t\t<\/div>\n\t\t\t\t<\/div>","protected":false},"excerpt":{"rendered":"<p>Ayd\u0131n Teker bu y\u0131l ilki d\u00fczenlenen Bienal Lefko\u015fa&#8217;ya \u00fc\u00e7 farkl\u0131 i\u015fiyle konuk oluyor. \u00c7ER\u00c7EVELER, TransForm ve Ka(bul)len-me 6 Aral\u0131k 2025 tarihine kadar Eski Frans\u0131z K\u00fclt\u00fcr Derne\u011fi Binas\u0131&#8217;nda g\u00f6r\u00fclebilir. 07 Kas\u0131m &#8211; 06 Aral\u0131k 2025 All At\u00f6lye Workshop G\u00fcncel ajanda Anatomi ve Hareket At\u00f6lyesi Kent Tiyatro Festivali&#8217;nde 13.10.2025 Ayd\u0131n Teker uzun soluklu sanat ve e\u011fitim ya\u015fam\u0131nda&#8230;<\/p>","protected":false},"author":1,"featured_media":5121,"parent":0,"menu_order":0,"comment_status":"closed","ping_status":"closed","template":"","meta":{"footnotes":""},"class_list":["post-4282","page","type-page","status-publish","has-post-thumbnail","hentry"],"_links":{"self":[{"href":"https:\/\/aydinteker.com\/tr\/wp-json\/wp\/v2\/pages\/4282","targetHints":{"allow":["GET"]}}],"collection":[{"href":"https:\/\/aydinteker.com\/tr\/wp-json\/wp\/v2\/pages"}],"about":[{"href":"https:\/\/aydinteker.com\/tr\/wp-json\/wp\/v2\/types\/page"}],"author":[{"embeddable":true,"href":"https:\/\/aydinteker.com\/tr\/wp-json\/wp\/v2\/users\/1"}],"replies":[{"embeddable":true,"href":"https:\/\/aydinteker.com\/tr\/wp-json\/wp\/v2\/comments?post=4282"}],"version-history":[{"count":97,"href":"https:\/\/aydinteker.com\/tr\/wp-json\/wp\/v2\/pages\/4282\/revisions"}],"predecessor-version":[{"id":5977,"href":"https:\/\/aydinteker.com\/tr\/wp-json\/wp\/v2\/pages\/4282\/revisions\/5977"}],"wp:featuredmedia":[{"embeddable":true,"href":"https:\/\/aydinteker.com\/tr\/wp-json\/wp\/v2\/media\/5121"}],"wp:attachment":[{"href":"https:\/\/aydinteker.com\/tr\/wp-json\/wp\/v2\/media?parent=4282"}],"curies":[{"name":"wp","href":"https:\/\/api.w.org\/{rel}","templated":true}]}}