{"id":276,"date":"2023-01-06T12:34:49","date_gmt":"2023-01-06T12:34:49","guid":{"rendered":"https:\/\/neuronthemes.com\/tampa\/?page_id=276"},"modified":"2025-09-17T15:43:46","modified_gmt":"2025-09-17T15:43:46","slug":"archive","status":"publish","type":"page","link":"https:\/\/aydinteker.com\/tr\/archive\/","title":{"rendered":"Ar\u015fiv"},"content":{"rendered":"<div data-elementor-type=\"wp-page\" data-elementor-id=\"276\" class=\"elementor elementor-276\">\n\t\t\t\t\t\t<section class=\"elementor-section elementor-top-section elementor-element elementor-element-544bbf1 elementor-section-full_width n-tampa-container--wide elementor-section-height-default elementor-section-height-default\" data-id=\"544bbf1\" data-element_type=\"section\" data-e-type=\"section\">\n\t\t\t\t\t\t<div class=\"elementor-container elementor-column-gap-no\">\n\t\t\t\t\t<div class=\"elementor-column elementor-col-100 elementor-top-column elementor-element elementor-element-9849f85\" data-id=\"9849f85\" data-element_type=\"column\" data-e-type=\"column\">\n\t\t\t<div class=\"elementor-widget-wrap elementor-element-populated\">\n\t\t\t\t\t\t<div class=\"elementor-element elementor-element-bbc04d7 m-neuron-posts--layout-metro l-neuron-grid-wrapper--offset-no elementor-invisible elementor-widget elementor-widget-neuron-posts\" data-id=\"bbc04d7\" data-element_type=\"widget\" data-e-type=\"widget\" data-settings=\"{&quot;row_gap&quot;:{&quot;unit&quot;:&quot;px&quot;,&quot;size&quot;:51,&quot;sizes&quot;:[]},&quot;neuron_animations&quot;:&quot;h-neuron-animation--tiltUp&quot;,&quot;animation_delay&quot;:150,&quot;animation_delay_reset&quot;:800,&quot;image_animation_hover&quot;:&quot;zoom-in&quot;,&quot;row_gap_tablet&quot;:{&quot;unit&quot;:&quot;px&quot;,&quot;size&quot;:40,&quot;sizes&quot;:[]},&quot;row_gap_mobile&quot;:{&quot;unit&quot;:&quot;px&quot;,&quot;size&quot;:24,&quot;sizes&quot;:[]},&quot;layout&quot;:&quot;metro&quot;,&quot;pagination&quot;:&quot;numbers&quot;,&quot;carousel&quot;:&quot;no&quot;,&quot;animation&quot;:&quot;yes&quot;,&quot;neuron_animations_duration&quot;:&quot;animated&quot;}\" data-widget_type=\"neuron-posts.default\">\n\t\t\t\t<div class=\"elementor-widget-container\">\n\t\t\t\t\t\t\t<div class=\"m-neuron-filters\" aria-label=\"Filters\">\r\n\t\t\t<ul >\r\n\t\t\t\t\t\t\t\t\t<li class=\"m-neuron-filters__item active\" data-filter=\"*\">All<\/li>\r\n\t\t\t\t\r\n\t\t\t\t\t\t\t\t\t<li class=\"m-neuron-filters__item\" data-filter=\"tag-artist-talk\">Artist talk<\/li>\r\n\t\t\t\t\t\t\t\t\t<li class=\"m-neuron-filters__item\" data-filter=\"tag-akabi\">aKab\u0131<\/li>\r\n\t\t\t\t\t\t\t\t\t<li class=\"m-neuron-filters__item\" data-filter=\"tag-hars\">harS<\/li>\r\n\t\t\t\t\t\t\t\t\t<li class=\"m-neuron-filters__item\" data-filter=\"tag-brosur\">bro\u015f\u00fcr<\/li>\r\n\t\t\t\t\t\t\t\t\t<li class=\"m-neuron-filters__item\" data-filter=\"tag-density\">Density<\/li>\r\n\t\t\t\t\t\t\t\t\t<li class=\"m-neuron-filters__item\" data-filter=\"tag-gecirgen\">ge\u00e7irgen<\/li>\r\n\t\t\t\t\t\t\t\t\t<li class=\"m-neuron-filters__item\" data-filter=\"tag-permeable\">permeable<\/li>\r\n\t\t\t\t\t\t\t<\/ul>\r\n\t\t<\/div>\r\n\t\t\t\t\t\t\t\t<div class=\"l-neuron-grid\" data-masonry-id=\"a296eef8229fe6a3b94bf1ed719b28f1\">\r\n\t\t\t\t\t\t\t\t\t\t\t\t<article class=\"l-neuron-grid__item h-neuron-animation--wow m-neuron-post post-4952 post type-post status-publish format-standard has-post-thumbnail hentry category-archive\" data-id=\"4952\">\r\n\t\t\t\t\t\t\t\t<div class=\"m-neuron-post__inner m-neuron-post__inner--classic\">\r\n        \r\n        <a class=\"m-neuron-post__thumbnail--link\" style=\"padding-bottom: 132%;\" href=\"https:\/\/aydinteker.com\/tr\/dai-ritmi-gitani-alla-danza-turca\/\"><div class=\"m-neuron-post__thumbnail\"><img fetchpriority=\"high\" decoding=\"async\" width=\"768\" height=\"1012\" src=\"https:\/\/aydinteker.com\/wp-content\/uploads\/2025\/09\/hars_linformazione_14oct08.webp\" class=\"attachment-full size-full wp-post-image\" alt=\"\" srcset=\"https:\/\/aydinteker.com\/wp-content\/uploads\/2025\/09\/hars_linformazione_14oct08.webp 768w, https:\/\/aydinteker.com\/wp-content\/uploads\/2025\/09\/hars_linformazione_14oct08-228x300.webp 228w, https:\/\/aydinteker.com\/wp-content\/uploads\/2025\/09\/hars_linformazione_14oct08-9x12.webp 9w\" sizes=\"(max-width: 768px) 100vw, 768px\" \/><\/div><\/a><h5 class=\"m-neuron-post__title\"><a href=\"https:\/\/aydinteker.com\/tr\/dai-ritmi-gitani-alla-danza-turca\/\">Dai ritmi gitani alla danza turca<\/a><\/h5>        \r\n    <\/div>\t\t\t\t\t\t\t<\/article>\r\n\t\t\t\t\t\t\t\t\t\t\t\t\t\t<article class=\"l-neuron-grid__item h-neuron-animation--wow m-neuron-post post-5613 post type-post status-publish format-standard has-post-thumbnail hentry category-archive tag-brosur tag-gecirgen tag-permeable\" data-id=\"5613\">\r\n\t\t\t\t\t\t\t\t<div class=\"m-neuron-post__inner m-neuron-post__inner--classic\">\r\n        \r\n        <a class=\"m-neuron-post__thumbnail--link\" style=\"padding-bottom: 72%;\" href=\"https:\/\/aydinteker.com\/tr\/gecirgen-1996\/\"><div class=\"m-neuron-post__thumbnail\"><img decoding=\"async\" width=\"2505\" height=\"1798\" src=\"https:\/\/aydinteker.com\/wp-content\/uploads\/2025\/10\/107.jpg\" class=\"attachment-full size-full wp-post-image\" alt=\"\" srcset=\"https:\/\/aydinteker.com\/wp-content\/uploads\/2025\/10\/107.jpg 2505w, https:\/\/aydinteker.com\/wp-content\/uploads\/2025\/10\/107-300x215.jpg 300w, https:\/\/aydinteker.com\/wp-content\/uploads\/2025\/10\/107-1024x735.jpg 1024w, https:\/\/aydinteker.com\/wp-content\/uploads\/2025\/10\/107-768x551.jpg 768w, https:\/\/aydinteker.com\/wp-content\/uploads\/2025\/10\/107-1536x1102.jpg 1536w, https:\/\/aydinteker.com\/wp-content\/uploads\/2025\/10\/107-2048x1470.jpg 2048w, https:\/\/aydinteker.com\/wp-content\/uploads\/2025\/10\/107-18x12.jpg 18w\" sizes=\"(max-width: 2505px) 100vw, 2505px\" \/><\/div><\/a><h5 class=\"m-neuron-post__title\"><a href=\"https:\/\/aydinteker.com\/tr\/gecirgen-1996\/\">Ge\u00e7irgen 1996<\/a><\/h5>        \r\n    <\/div>\t\t\t\t\t\t\t<\/article>\r\n\t\t\t\t\t\t\t\t\t\t\t\t\t\t<article class=\"l-neuron-grid__item h-neuron-animation--wow m-neuron-post post-4947 post type-post status-publish format-standard has-post-thumbnail hentry category-archive\" data-id=\"4947\">\r\n\t\t\t\t\t\t\t\t<div class=\"m-neuron-post__inner m-neuron-post__inner--classic\">\r\n        \r\n        <a class=\"m-neuron-post__thumbnail--link\" style=\"padding-bottom: 141%;\" href=\"https:\/\/aydinteker.com\/tr\/extreme-philosophies-at-adf-marin-teker-and-radin\/\"><div class=\"m-neuron-post__thumbnail\"><img decoding=\"async\" width=\"1241\" height=\"1754\" src=\"https:\/\/aydinteker.com\/wp-content\/uploads\/2025\/09\/classical-voice-of-north-carolina-24-06-08.webp\" class=\"attachment-full size-full wp-post-image\" alt=\"\" srcset=\"https:\/\/aydinteker.com\/wp-content\/uploads\/2025\/09\/classical-voice-of-north-carolina-24-06-08.webp 1241w, https:\/\/aydinteker.com\/wp-content\/uploads\/2025\/09\/classical-voice-of-north-carolina-24-06-08-212x300.webp 212w, https:\/\/aydinteker.com\/wp-content\/uploads\/2025\/09\/classical-voice-of-north-carolina-24-06-08-725x1024.webp 725w, https:\/\/aydinteker.com\/wp-content\/uploads\/2025\/09\/classical-voice-of-north-carolina-24-06-08-768x1085.webp 768w, https:\/\/aydinteker.com\/wp-content\/uploads\/2025\/09\/classical-voice-of-north-carolina-24-06-08-1087x1536.webp 1087w, https:\/\/aydinteker.com\/wp-content\/uploads\/2025\/09\/classical-voice-of-north-carolina-24-06-08-8x12.webp 8w\" sizes=\"(max-width: 1241px) 100vw, 1241px\" \/><\/div><\/a><h5 class=\"m-neuron-post__title\"><a href=\"https:\/\/aydinteker.com\/tr\/extreme-philosophies-at-adf-marin-teker-and-radin\/\">Extreme Philosophies at ADF (Marin, Teker and Radin)<\/a><\/h5>        \r\n    <\/div>\t\t\t\t\t\t\t<\/article>\r\n\t\t\t\t\t\t\t\t\t\t\t\t\t\t<article class=\"l-neuron-grid__item h-neuron-animation--wow m-neuron-post elementor-repeater-item-25fd6f6 post-4390 post type-post status-publish format-standard has-post-thumbnail hentry category-archive tag-hars\" data-id=\"4390\">\r\n\t\t\t\t\t\t\t\t<div class=\"m-neuron-post__inner m-neuron-post__inner--classic\">\r\n        \r\n        <a class=\"m-neuron-post__thumbnail--link\" style=\"padding-bottom: 142%;\" href=\"https:\/\/aydinteker.com\/tr\/how-will-the-harp-do-the-dance-baltoscandal\/\"><div class=\"m-neuron-post__thumbnail\"><img loading=\"lazy\" decoding=\"async\" width=\"1028\" height=\"1462\" src=\"https:\/\/aydinteker.com\/wp-content\/uploads\/2008\/07\/Screenshot-2025-09-17-at-15.15.06.png\" class=\"attachment-full size-full wp-post-image\" alt=\"\" srcset=\"https:\/\/aydinteker.com\/wp-content\/uploads\/2008\/07\/Screenshot-2025-09-17-at-15.15.06.png 1028w, https:\/\/aydinteker.com\/wp-content\/uploads\/2008\/07\/Screenshot-2025-09-17-at-15.15.06-211x300.png 211w, https:\/\/aydinteker.com\/wp-content\/uploads\/2008\/07\/Screenshot-2025-09-17-at-15.15.06-720x1024.png 720w, https:\/\/aydinteker.com\/wp-content\/uploads\/2008\/07\/Screenshot-2025-09-17-at-15.15.06-768x1092.png 768w, https:\/\/aydinteker.com\/wp-content\/uploads\/2008\/07\/Screenshot-2025-09-17-at-15.15.06-8x12.png 8w\" sizes=\"(max-width: 1028px) 100vw, 1028px\" \/><\/div><\/a><h5 class=\"m-neuron-post__title\"><a href=\"https:\/\/aydinteker.com\/tr\/how-will-the-harp-do-the-dance-baltoscandal\/\">How will the harp do the dance? Baltoscandal<\/a><\/h5>        \r\n    <\/div>\t\t\t\t\t\t\t<\/article>\r\n\t\t\t\t\t\t\t\t\t\t\t\t\t\t<article class=\"l-neuron-grid__item h-neuron-animation--wow m-neuron-post post-4967 post type-post status-publish format-standard has-post-thumbnail hentry category-archive tag-hars\" data-id=\"4967\">\r\n\t\t\t\t\t\t\t\t<div class=\"m-neuron-post__inner m-neuron-post__inner--classic\">\r\n        \r\n        <a class=\"m-neuron-post__thumbnail--link\" style=\"padding-bottom: 204%;\" href=\"https:\/\/aydinteker.com\/tr\/bedenin-enstrumanla-dansi\/\"><div class=\"m-neuron-post__thumbnail\"><img loading=\"lazy\" decoding=\"async\" width=\"1162\" height=\"2373\" src=\"https:\/\/aydinteker.com\/wp-content\/uploads\/2025\/09\/radikal-2-14-12-2008.webp\" class=\"attachment-full size-full wp-post-image\" alt=\"\" srcset=\"https:\/\/aydinteker.com\/wp-content\/uploads\/2025\/09\/radikal-2-14-12-2008.webp 1162w, https:\/\/aydinteker.com\/wp-content\/uploads\/2025\/09\/radikal-2-14-12-2008-147x300.webp 147w, https:\/\/aydinteker.com\/wp-content\/uploads\/2025\/09\/radikal-2-14-12-2008-501x1024.webp 501w, https:\/\/aydinteker.com\/wp-content\/uploads\/2025\/09\/radikal-2-14-12-2008-768x1568.webp 768w, https:\/\/aydinteker.com\/wp-content\/uploads\/2025\/09\/radikal-2-14-12-2008-752x1536.webp 752w, https:\/\/aydinteker.com\/wp-content\/uploads\/2025\/09\/radikal-2-14-12-2008-1003x2048.webp 1003w, https:\/\/aydinteker.com\/wp-content\/uploads\/2025\/09\/radikal-2-14-12-2008-6x12.webp 6w\" sizes=\"(max-width: 1162px) 100vw, 1162px\" \/><\/div><\/a><h5 class=\"m-neuron-post__title\"><a href=\"https:\/\/aydinteker.com\/tr\/bedenin-enstrumanla-dansi\/\">Bedenin enstr\u00fcmanla dans\u0131<\/a><\/h5>        \r\n    <\/div>\t\t\t\t\t\t\t<\/article>\r\n\t\t\t\t\t\t\t\t\t\t\t\t\t\t<article class=\"l-neuron-grid__item h-neuron-animation--wow m-neuron-post post-5600 post type-post status-publish format-standard has-post-thumbnail hentry category-archive tag-artist-talk\" data-id=\"5600\">\r\n\t\t\t\t\t\t\t\t<div class=\"m-neuron-post__inner m-neuron-post__inner--classic\">\r\n        \r\n        <a class=\"m-neuron-post__thumbnail--link\" style=\"padding-bottom: 54%;\" href=\"https:\/\/aydinteker.com\/tr\/klasik-baleden-cagdas-dansa-uzun-soluklu-bir-yolculuk-sanatci-konusmasi-askev\/\"><div class=\"m-neuron-post__thumbnail\"><img loading=\"lazy\" decoding=\"async\" width=\"2560\" height=\"1388\" src=\"https:\/\/aydinteker.com\/wp-content\/uploads\/2025\/10\/ASKEV.png\" class=\"attachment-full size-full wp-post-image\" alt=\"\" srcset=\"https:\/\/aydinteker.com\/wp-content\/uploads\/2025\/10\/ASKEV.png 2560w, https:\/\/aydinteker.com\/wp-content\/uploads\/2025\/10\/ASKEV-300x163.png 300w, https:\/\/aydinteker.com\/wp-content\/uploads\/2025\/10\/ASKEV-1024x555.png 1024w, https:\/\/aydinteker.com\/wp-content\/uploads\/2025\/10\/ASKEV-768x416.png 768w, https:\/\/aydinteker.com\/wp-content\/uploads\/2025\/10\/ASKEV-1536x833.png 1536w, https:\/\/aydinteker.com\/wp-content\/uploads\/2025\/10\/ASKEV-2048x1110.png 2048w, https:\/\/aydinteker.com\/wp-content\/uploads\/2025\/10\/ASKEV-18x10.png 18w\" sizes=\"(max-width: 2560px) 100vw, 2560px\" \/><\/div><\/a><h5 class=\"m-neuron-post__title\"><a href=\"https:\/\/aydinteker.com\/tr\/klasik-baleden-cagdas-dansa-uzun-soluklu-bir-yolculuk-sanatci-konusmasi-askev\/\">Klasik Baleden \u00c7a\u011fda\u015f Dansa Uzun Soluklu Bir Yolculuk &#8211; Sanat\u00e7\u0131 Konu\u015fmas\u0131 &#8211; ASKEV<\/a><\/h5>        \r\n    <\/div>\t\t\t\t\t\t\t<\/article>\r\n\t\t\t\t\t\t\t\t\t\t\t\t\t\t<article class=\"l-neuron-grid__item h-neuron-animation--wow m-neuron-post post-4972 post type-post status-publish format-standard has-post-thumbnail hentry category-archive tag-hars\" data-id=\"4972\">\r\n\t\t\t\t\t\t\t\t<div class=\"m-neuron-post__inner m-neuron-post__inner--classic\">\r\n        \r\n        <a class=\"m-neuron-post__thumbnail--link\" style=\"padding-bottom: 131%;\" href=\"https:\/\/aydinteker.com\/tr\/dansla-arpin-gizemli-birlesimi\/\"><div class=\"m-neuron-post__thumbnail\"><img loading=\"lazy\" decoding=\"async\" width=\"463\" height=\"608\" src=\"https:\/\/aydinteker.com\/wp-content\/uploads\/2025\/09\/sabah-300110.webp\" class=\"attachment-full size-full wp-post-image\" alt=\"\" srcset=\"https:\/\/aydinteker.com\/wp-content\/uploads\/2025\/09\/sabah-300110.webp 463w, https:\/\/aydinteker.com\/wp-content\/uploads\/2025\/09\/sabah-300110-228x300.webp 228w, https:\/\/aydinteker.com\/wp-content\/uploads\/2025\/09\/sabah-300110-9x12.webp 9w\" sizes=\"(max-width: 463px) 100vw, 463px\" \/><\/div><\/a><h5 class=\"m-neuron-post__title\"><a href=\"https:\/\/aydinteker.com\/tr\/dansla-arpin-gizemli-birlesimi\/\">Dansla arp\u0131n gizemli birle\u015fimi<\/a><\/h5>        \r\n    <\/div>\t\t\t\t\t\t\t<\/article>\r\n\t\t\t\t\t\t\t\t\t\t\t\t\t\t<article class=\"l-neuron-grid__item h-neuron-animation--wow m-neuron-post post-4987 post type-post status-publish format-standard has-post-thumbnail hentry category-archive tag-akabi\" data-id=\"4987\">\r\n\t\t\t\t\t\t\t\t<div class=\"m-neuron-post__inner m-neuron-post__inner--classic\">\r\n        \r\n        <a class=\"m-neuron-post__thumbnail--link\" style=\"padding-bottom: 65%;\" href=\"https:\/\/aydinteker.com\/tr\/platform-for-exploring-evolution\/\"><div class=\"m-neuron-post__thumbnail\"><img loading=\"lazy\" decoding=\"async\" width=\"2456\" height=\"1593\" src=\"https:\/\/aydinteker.com\/wp-content\/uploads\/2025\/09\/the-straits-times-17mar08.webp\" class=\"attachment-full size-full wp-post-image\" alt=\"\" srcset=\"https:\/\/aydinteker.com\/wp-content\/uploads\/2025\/09\/the-straits-times-17mar08.webp 2456w, https:\/\/aydinteker.com\/wp-content\/uploads\/2025\/09\/the-straits-times-17mar08-300x195.webp 300w, https:\/\/aydinteker.com\/wp-content\/uploads\/2025\/09\/the-straits-times-17mar08-1024x664.webp 1024w, https:\/\/aydinteker.com\/wp-content\/uploads\/2025\/09\/the-straits-times-17mar08-768x498.webp 768w, https:\/\/aydinteker.com\/wp-content\/uploads\/2025\/09\/the-straits-times-17mar08-1536x996.webp 1536w, https:\/\/aydinteker.com\/wp-content\/uploads\/2025\/09\/the-straits-times-17mar08-2048x1328.webp 2048w, https:\/\/aydinteker.com\/wp-content\/uploads\/2025\/09\/the-straits-times-17mar08-18x12.webp 18w\" sizes=\"(max-width: 2456px) 100vw, 2456px\" \/><\/div><\/a><h5 class=\"m-neuron-post__title\"><a href=\"https:\/\/aydinteker.com\/tr\/platform-for-exploring-evolution\/\">Platform for exploring evolution<\/a><\/h5>        \r\n    <\/div>\t\t\t\t\t\t\t<\/article>\r\n\t\t\t\t\t\t\t\t\t\t\t\t\t\t<article class=\"l-neuron-grid__item h-neuron-animation--wow m-neuron-post post-4977 post type-post status-publish format-standard has-post-thumbnail hentry category-archive tag-akabi\" data-id=\"4977\">\r\n\t\t\t\t\t\t\t\t<div class=\"m-neuron-post__inner m-neuron-post__inner--classic\">\r\n        \r\n        <a class=\"m-neuron-post__thumbnail--link\" style=\"padding-bottom: 49%;\" href=\"https:\/\/aydinteker.com\/tr\/adf-performances-churn-emotions-in-audience\/\"><div class=\"m-neuron-post__thumbnail\"><img loading=\"lazy\" decoding=\"async\" width=\"1959\" height=\"966\" src=\"https:\/\/aydinteker.com\/wp-content\/uploads\/2025\/09\/the-herald-sun-06-08.webp\" class=\"attachment-full size-full wp-post-image\" alt=\"\" srcset=\"https:\/\/aydinteker.com\/wp-content\/uploads\/2025\/09\/the-herald-sun-06-08.webp 1959w, https:\/\/aydinteker.com\/wp-content\/uploads\/2025\/09\/the-herald-sun-06-08-300x148.webp 300w, https:\/\/aydinteker.com\/wp-content\/uploads\/2025\/09\/the-herald-sun-06-08-1024x505.webp 1024w, https:\/\/aydinteker.com\/wp-content\/uploads\/2025\/09\/the-herald-sun-06-08-768x379.webp 768w, https:\/\/aydinteker.com\/wp-content\/uploads\/2025\/09\/the-herald-sun-06-08-1536x757.webp 1536w, https:\/\/aydinteker.com\/wp-content\/uploads\/2025\/09\/the-herald-sun-06-08-18x9.webp 18w\" sizes=\"(max-width: 1959px) 100vw, 1959px\" \/><\/div><\/a><h5 class=\"m-neuron-post__title\"><a href=\"https:\/\/aydinteker.com\/tr\/adf-performances-churn-emotions-in-audience\/\">ADF performances churn emotions in audience<\/a><\/h5>        \r\n    <\/div>\t\t\t\t\t\t\t<\/article>\r\n\t\t\t\t\t\t\t\t\t\t\t\t\t\t<article class=\"l-neuron-grid__item h-neuron-animation--wow m-neuron-post elementor-repeater-item-a9de749 post-4193 post type-post status-publish format-standard has-post-thumbnail hentry category-archive tag-hars\" data-id=\"4193\">\r\n\t\t\t\t\t\t\t\t<div class=\"m-neuron-post__inner m-neuron-post__inner--classic\">\r\n        \r\n        <a class=\"m-neuron-post__thumbnail--link\" style=\"padding-bottom: 173%;\" href=\"https:\/\/aydinteker.com\/tr\/ballettanz\/\"><div class=\"m-neuron-post__thumbnail\"><img loading=\"lazy\" decoding=\"async\" width=\"1353\" height=\"2340\" src=\"https:\/\/aydinteker.com\/wp-content\/uploads\/2025\/06\/ballettanz-6-08.jpg\" class=\"attachment-full size-full wp-post-image\" alt=\"\" srcset=\"https:\/\/aydinteker.com\/wp-content\/uploads\/2025\/06\/ballettanz-6-08.jpg 1353w, https:\/\/aydinteker.com\/wp-content\/uploads\/2025\/06\/ballettanz-6-08-173x300.jpg 173w, https:\/\/aydinteker.com\/wp-content\/uploads\/2025\/06\/ballettanz-6-08-592x1024.jpg 592w, https:\/\/aydinteker.com\/wp-content\/uploads\/2025\/06\/ballettanz-6-08-768x1328.jpg 768w, https:\/\/aydinteker.com\/wp-content\/uploads\/2025\/06\/ballettanz-6-08-888x1536.jpg 888w, https:\/\/aydinteker.com\/wp-content\/uploads\/2025\/06\/ballettanz-6-08-1184x2048.jpg 1184w, https:\/\/aydinteker.com\/wp-content\/uploads\/2025\/06\/ballettanz-6-08-7x12.jpg 7w\" sizes=\"(max-width: 1353px) 100vw, 1353px\" \/><\/div><\/a><h5 class=\"m-neuron-post__title\"><a href=\"https:\/\/aydinteker.com\/tr\/ballettanz\/\">ballettanz<\/a><\/h5>        \r\n    <\/div>\t\t\t\t\t\t\t<\/article>\r\n\t\t\t\t\t\t\t\t\t\t\t\t\t\t<article class=\"l-neuron-grid__item h-neuron-animation--wow m-neuron-post post-4962 post type-post status-publish format-standard has-post-thumbnail hentry category-archive tag-akabi\" data-id=\"4962\">\r\n\t\t\t\t\t\t\t\t<div class=\"m-neuron-post__inner m-neuron-post__inner--classic\">\r\n        \r\n        <a class=\"m-neuron-post__thumbnail--link\" style=\"padding-bottom: 134%;\" href=\"https:\/\/aydinteker.com\/tr\/choregraphies-aux-marges-en-turquie\/\"><div class=\"m-neuron-post__thumbnail\"><img loading=\"lazy\" decoding=\"async\" width=\"1275\" height=\"1707\" src=\"https:\/\/aydinteker.com\/wp-content\/uploads\/2025\/09\/mouvement_juillet_sept_page6.webp\" class=\"attachment-full size-full wp-post-image\" alt=\"\" srcset=\"https:\/\/aydinteker.com\/wp-content\/uploads\/2025\/09\/mouvement_juillet_sept_page6.webp 1275w, https:\/\/aydinteker.com\/wp-content\/uploads\/2025\/09\/mouvement_juillet_sept_page6-224x300.webp 224w, https:\/\/aydinteker.com\/wp-content\/uploads\/2025\/09\/mouvement_juillet_sept_page6-765x1024.webp 765w, https:\/\/aydinteker.com\/wp-content\/uploads\/2025\/09\/mouvement_juillet_sept_page6-768x1028.webp 768w, https:\/\/aydinteker.com\/wp-content\/uploads\/2025\/09\/mouvement_juillet_sept_page6-1147x1536.webp 1147w, https:\/\/aydinteker.com\/wp-content\/uploads\/2025\/09\/mouvement_juillet_sept_page6-9x12.webp 9w\" sizes=\"(max-width: 1275px) 100vw, 1275px\" \/><\/div><\/a><h5 class=\"m-neuron-post__title\"><a href=\"https:\/\/aydinteker.com\/tr\/choregraphies-aux-marges-en-turquie\/\">CHOR\u00c9GRAPHIES AUX MARGES (EN TURQUIE)<\/a><\/h5>        \r\n    <\/div>\t\t\t\t\t\t\t<\/article>\r\n\t\t\t\t\t\t\t\t\t\t\t\t\t\t<article class=\"l-neuron-grid__item h-neuron-animation--wow m-neuron-post post-4957 post type-post status-publish format-standard has-post-thumbnail hentry category-archive tag-akabi\" data-id=\"4957\">\r\n\t\t\t\t\t\t\t\t<div class=\"m-neuron-post__inner m-neuron-post__inner--classic\">\r\n        \r\n        <a class=\"m-neuron-post__thumbnail--link\" style=\"padding-bottom: 73%;\" href=\"https:\/\/aydinteker.com\/tr\/danser-malgre-ses-chaussures\/\"><div class=\"m-neuron-post__thumbnail\"><img loading=\"lazy\" decoding=\"async\" width=\"2338\" height=\"1700\" src=\"https:\/\/aydinteker.com\/wp-content\/uploads\/2025\/09\/la-presse-montreal-28-05-08.webp\" class=\"attachment-full size-full wp-post-image\" alt=\"\" srcset=\"https:\/\/aydinteker.com\/wp-content\/uploads\/2025\/09\/la-presse-montreal-28-05-08.webp 2338w, https:\/\/aydinteker.com\/wp-content\/uploads\/2025\/09\/la-presse-montreal-28-05-08-300x218.webp 300w, https:\/\/aydinteker.com\/wp-content\/uploads\/2025\/09\/la-presse-montreal-28-05-08-1024x745.webp 1024w, https:\/\/aydinteker.com\/wp-content\/uploads\/2025\/09\/la-presse-montreal-28-05-08-768x558.webp 768w, https:\/\/aydinteker.com\/wp-content\/uploads\/2025\/09\/la-presse-montreal-28-05-08-1536x1117.webp 1536w, https:\/\/aydinteker.com\/wp-content\/uploads\/2025\/09\/la-presse-montreal-28-05-08-2048x1489.webp 2048w, https:\/\/aydinteker.com\/wp-content\/uploads\/2025\/09\/la-presse-montreal-28-05-08-18x12.webp 18w\" sizes=\"(max-width: 2338px) 100vw, 2338px\" \/><\/div><\/a><h5 class=\"m-neuron-post__title\"><a href=\"https:\/\/aydinteker.com\/tr\/danser-malgre-ses-chaussures\/\">Danser&#8230; malgr\u00e9 ses chaussures<\/a><\/h5>        \r\n    <\/div>\t\t\t\t\t\t\t<\/article>\r\n\t\t\t\t\t\t\t\t\t\t\t\t\t\t<article class=\"l-neuron-grid__item h-neuron-animation--wow m-neuron-post post-5605 post type-post status-publish format-standard has-post-thumbnail hentry category-archive tag-brosur tag-density\" data-id=\"5605\">\r\n\t\t\t\t\t\t\t\t<div class=\"m-neuron-post__inner m-neuron-post__inner--classic\">\r\n        \r\n        <a class=\"m-neuron-post__thumbnail--link\" style=\"padding-bottom: 71%;\" href=\"https:\/\/aydinteker.com\/tr\/yogunluk-istanbul-sanat-merkezi-6-7-8-9-haziran-2001\/\"><div class=\"m-neuron-post__thumbnail\"><img loading=\"lazy\" decoding=\"async\" width=\"2560\" height=\"1813\" src=\"https:\/\/aydinteker.com\/wp-content\/uploads\/2025\/10\/001-scaled.jpg\" class=\"attachment-full size-full wp-post-image\" alt=\"\" srcset=\"https:\/\/aydinteker.com\/wp-content\/uploads\/2025\/10\/001-scaled.jpg 2560w, https:\/\/aydinteker.com\/wp-content\/uploads\/2025\/10\/001-300x212.jpg 300w, https:\/\/aydinteker.com\/wp-content\/uploads\/2025\/10\/001-1024x725.jpg 1024w, https:\/\/aydinteker.com\/wp-content\/uploads\/2025\/10\/001-768x544.jpg 768w, https:\/\/aydinteker.com\/wp-content\/uploads\/2025\/10\/001-1536x1088.jpg 1536w, https:\/\/aydinteker.com\/wp-content\/uploads\/2025\/10\/001-2048x1451.jpg 2048w, https:\/\/aydinteker.com\/wp-content\/uploads\/2025\/10\/001-18x12.jpg 18w\" sizes=\"(max-width: 2560px) 100vw, 2560px\" \/><\/div><\/a><h5 class=\"m-neuron-post__title\"><a href=\"https:\/\/aydinteker.com\/tr\/yogunluk-istanbul-sanat-merkezi-6-7-8-9-haziran-2001\/\">yo\u011funluk istanbul sanat merkezi 6 \/ 7 \/ 8 \/ 9 haziran 2001<\/a><\/h5>        \r\n    <\/div>\t\t\t\t\t\t\t<\/article>\r\n\t\t\t\t\t\t\t\t\t\t\t\t\t\t<article class=\"l-neuron-grid__item h-neuron-animation--wow m-neuron-post post-4982 post type-post status-publish format-standard has-post-thumbnail hentry category-archive tag-akabi\" data-id=\"4982\">\r\n\t\t\t\t\t\t\t\t<div class=\"m-neuron-post__inner m-neuron-post__inner--classic\">\r\n        \r\n        <a class=\"m-neuron-post__thumbnail--link\" style=\"padding-bottom: 90%;\" href=\"https:\/\/aydinteker.com\/tr\/these-shoes-are-made-for-dancing\/\"><div class=\"m-neuron-post__thumbnail\"><img loading=\"lazy\" decoding=\"async\" width=\"553\" height=\"500\" src=\"https:\/\/aydinteker.com\/wp-content\/uploads\/2025\/09\/the-straits-times-6mar08.webp\" class=\"attachment-full size-full wp-post-image\" alt=\"\" srcset=\"https:\/\/aydinteker.com\/wp-content\/uploads\/2025\/09\/the-straits-times-6mar08.webp 553w, https:\/\/aydinteker.com\/wp-content\/uploads\/2025\/09\/the-straits-times-6mar08-300x271.webp 300w, https:\/\/aydinteker.com\/wp-content\/uploads\/2025\/09\/the-straits-times-6mar08-13x12.webp 13w\" sizes=\"(max-width: 553px) 100vw, 553px\" \/><\/div><\/a><h5 class=\"m-neuron-post__title\"><a href=\"https:\/\/aydinteker.com\/tr\/these-shoes-are-made-for-dancing\/\">These shoes are made for dancing<\/a><\/h5>        \r\n    <\/div>\t\t\t\t\t\t\t<\/article>\r\n\t\t\t\t\t\t\t\t\t\t\t<\/div>\r\n\t\t\t\r\n\t\t\t\t\t\t<\/div>\n\t\t\t\t<\/div>\n\t\t\t\t\t<\/div>\n\t\t<\/div>\n\t\t\t\t\t<\/div>\n\t\t<\/section>\n\t\t\t\t<\/div>","protected":false},"excerpt":{"rendered":"<p>All aKab\u0131 harS Bedenin enstr\u00fcmanla dans\u0131 CHOR\u00c9GRAPHIES AUX MARGES (EN TURQUIE) Platform for exploring evolution Danser&#8230; malgr\u00e9 ses chaussures These shoes are made for dancing ADF performances churn emotions in audience How will the harp do the dance? Baltoscandal ballettanz Dai ritmi gitani alla danza turca Extreme Philosophies at ADF (Marin, Teker and Radin) Dansla&#8230;<\/p>","protected":false},"author":1,"featured_media":0,"parent":0,"menu_order":0,"comment_status":"closed","ping_status":"closed","template":"","meta":{"footnotes":""},"class_list":["post-276","page","type-page","status-publish","hentry"],"_links":{"self":[{"href":"https:\/\/aydinteker.com\/tr\/wp-json\/wp\/v2\/pages\/276","targetHints":{"allow":["GET"]}}],"collection":[{"href":"https:\/\/aydinteker.com\/tr\/wp-json\/wp\/v2\/pages"}],"about":[{"href":"https:\/\/aydinteker.com\/tr\/wp-json\/wp\/v2\/types\/page"}],"author":[{"embeddable":true,"href":"https:\/\/aydinteker.com\/tr\/wp-json\/wp\/v2\/users\/1"}],"replies":[{"embeddable":true,"href":"https:\/\/aydinteker.com\/tr\/wp-json\/wp\/v2\/comments?post=276"}],"version-history":[{"count":11,"href":"https:\/\/aydinteker.com\/tr\/wp-json\/wp\/v2\/pages\/276\/revisions"}],"predecessor-version":[{"id":5066,"href":"https:\/\/aydinteker.com\/tr\/wp-json\/wp\/v2\/pages\/276\/revisions\/5066"}],"wp:attachment":[{"href":"https:\/\/aydinteker.com\/tr\/wp-json\/wp\/v2\/media?parent=276"}],"curies":[{"name":"wp","href":"https:\/\/api.w.org\/{rel}","templated":true}]}}